{"id":911,"date":"2024-11-03T13:17:47","date_gmt":"2024-11-03T13:17:47","guid":{"rendered":"https:\/\/www.antarea.cz\/?page_id=911"},"modified":"2024-11-30T11:50:53","modified_gmt":"2024-11-30T11:50:53","slug":"elementor-911","status":"publish","type":"page","link":"https:\/\/www.antarea.cz\/index.php\/elementor-911\/","title":{"rendered":"retu\u0161"},"content":{"rendered":"\t\t<div data-elementor-type=\"wp-page\" data-elementor-id=\"911\" class=\"elementor elementor-911\">\n\t\t\t\t<div class=\"elementor-element elementor-element-b265171 e-flex e-con-boxed e-con e-parent\" data-id=\"b265171\" data-element_type=\"container\" data-e-type=\"container\">\n\t\t\t\t\t<div class=\"e-con-inner\">\n\t\t\t\t<div class=\"elementor-element elementor-element-3f3ef91 elementor-widget elementor-widget-text-editor\" data-id=\"3f3ef91\" data-element_type=\"widget\" data-e-type=\"widget\" data-widget_type=\"text-editor.default\">\n\t\t\t\t<div class=\"elementor-widget-container\">\n\t\t\t\t\t\t\t\t\t<h2 style=\"text-align: center;\">V\u00e1noce se bl\u00ed\u017e\u00ed!<\/h2><h3 style=\"text-align: center;\">P\u0159em\u00fd\u0161l\u00edte \u010d\u00edm pot\u011b\u0161it sv\u00e9 nejbli\u017e\u0161\u00ed?<br \/>Darujte o\u017eiven\u00e9 vzpom\u00ednky!<\/h3>\t\t\t\t\t\t\t\t<\/div>\n\t\t\t\t<\/div>\n\t\t\t\t\t<\/div>\n\t\t\t\t<\/div>\n\t\t<div class=\"elementor-element elementor-element-97f018a e-flex e-con-boxed e-con e-parent\" data-id=\"97f018a\" data-element_type=\"container\" data-e-type=\"container\">\n\t\t\t\t\t<div class=\"e-con-inner\">\n\t\t\t\t<div class=\"elementor-element elementor-element-1a20e5f elementor-widget elementor-widget-image\" data-id=\"1a20e5f\" data-element_type=\"widget\" data-e-type=\"widget\" data-widget_type=\"image.default\">\n\t\t\t\t<div class=\"elementor-widget-container\">\n\t\t\t\t\t\t\t\t\t\t\t\t<figure class=\"wp-caption\">\n\t\t\t\t\t\t\t\t\t\t\t<a href=\"https:\/\/www.antarea.cz\/wp-content\/uploads\/2024\/11\/RTC_01_C2.jpg\" data-elementor-open-lightbox=\"no\">\n\t\t\t\t\t\t\t<img fetchpriority=\"high\" decoding=\"async\" width=\"950\" height=\"656\" src=\"https:\/\/www.antarea.cz\/wp-content\/uploads\/2024\/11\/RTC_01_C2-1024x707.jpg\" class=\"attachment-large size-large wp-image-900\" alt=\"Retu\u0161ovan\u00e1, o\u017eiven\u00e1 a kolorovan\u00e1 star\u00e1 fotografie - fotomalba.\" srcset=\"https:\/\/www.antarea.cz\/wp-content\/uploads\/2024\/11\/RTC_01_C2-1024x707.jpg 1024w, https:\/\/www.antarea.cz\/wp-content\/uploads\/2024\/11\/RTC_01_C2-300x207.jpg 300w, https:\/\/www.antarea.cz\/wp-content\/uploads\/2024\/11\/RTC_01_C2.jpg 1512w\" sizes=\"100vw\" \/>\t\t\t\t\t\t\t\t<\/a>\n\t\t\t\t\t\t\t\t\t\t\t<figcaption class=\"widget-image-caption wp-caption-text\">N\u00e1ro\u010dn\u00e1 retu\u0161 rozl\u00e1man\u00e9 fotografie mal\u00e9ho rozm\u011bru 6 x 5 cm - v\u00fdsledek tisk 30 x 40 cm.<\/figcaption>\n\t\t\t\t\t\t\t\t\t\t<\/figure>\n\t\t\t\t\t\t\t\t\t<\/div>\n\t\t\t\t<\/div>\n\t\t\t\t\t<\/div>\n\t\t\t\t<\/div>\n\t\t<div class=\"elementor-element elementor-element-06a7517 e-flex e-con-boxed e-con e-parent\" data-id=\"06a7517\" data-element_type=\"container\" data-e-type=\"container\">\n\t\t\t\t\t<div class=\"e-con-inner\">\n\t\t\t\t<div class=\"elementor-element elementor-element-1176c81 elementor-widget elementor-widget-image\" data-id=\"1176c81\" data-element_type=\"widget\" data-e-type=\"widget\" data-widget_type=\"image.default\">\n\t\t\t\t<div class=\"elementor-widget-container\">\n\t\t\t\t\t\t\t\t\t\t\t\t<figure class=\"wp-caption\">\n\t\t\t\t\t\t\t\t\t\t\t<a href=\"https:\/\/www.antarea.cz\/wp-content\/uploads\/2024\/11\/2024_09_06___Tata-FB.jpg\" data-elementor-open-lightbox=\"no\">\n\t\t\t\t\t\t\t<img decoding=\"async\" width=\"950\" height=\"662\" src=\"https:\/\/www.antarea.cz\/wp-content\/uploads\/2024\/11\/2024_09_06___Tata-FB-1024x714.jpg\" class=\"attachment-large size-large wp-image-1015\" alt=\"\" srcset=\"https:\/\/www.antarea.cz\/wp-content\/uploads\/2024\/11\/2024_09_06___Tata-FB-1024x714.jpg 1024w, https:\/\/www.antarea.cz\/wp-content\/uploads\/2024\/11\/2024_09_06___Tata-FB-300x209.jpg 300w, https:\/\/www.antarea.cz\/wp-content\/uploads\/2024\/11\/2024_09_06___Tata-FB.jpg 1498w\" sizes=\"100vw\" \/>\t\t\t\t\t\t\t\t<\/a>\n\t\t\t\t\t\t\t\t\t\t\t<figcaption class=\"widget-image-caption wp-caption-text\">Obt\u00ed\u017en\u011bj\u0161\u00ed retu\u0161 rozl\u00e1man\u00e9 fotografie a jej\u00ed rekonstrukce. V\u00fdsledek je tisk 30 x 40 cm.<\/figcaption>\n\t\t\t\t\t\t\t\t\t\t<\/figure>\n\t\t\t\t\t\t\t\t\t<\/div>\n\t\t\t\t<\/div>\n\t\t\t\t\t<\/div>\n\t\t\t\t<\/div>\n\t\t<div class=\"elementor-element elementor-element-025a696 e-flex e-con-boxed e-con e-parent\" data-id=\"025a696\" data-element_type=\"container\" data-e-type=\"container\">\n\t\t\t\t\t<div class=\"e-con-inner\">\n\t\t\t\t<div class=\"elementor-element elementor-element-b2f3bb3 elementor-widget elementor-widget-text-editor\" data-id=\"b2f3bb3\" data-element_type=\"widget\" data-e-type=\"widget\" data-widget_type=\"text-editor.default\">\n\t\t\t\t<div class=\"elementor-widget-container\">\n\t\t\t\t\t\t\t\t\t<p style=\"text-align: center;\">Va\u0161e sn\u00edmky pe\u010dliv\u011b naskenujeme, technicky p\u0159iprav\u00edme, ru\u010dn\u011b vyretu\u0161ujeme a v p\u0159\u00edpad\u011b pot\u0159eby zrekonstruujeme po\u0161kozen\u00e1 nebo chyb\u011bj\u00edc\u00ed m\u00edsta. Fotografii dle va\u0161ich p\u0159edstav\u00a0 a p\u0159\u00e1n\u00ed o\u017eiv\u00edme, kolorujeme, roz\u0161\u00ed\u0159\u00edme, dopln\u00edme nebo n\u011bco ubereme. Nakonec sn\u00edmek fin\u00e1ln\u011b zpracujeme k elektronick\u00e9mu odesl\u00e1n\u00ed nebo k tisku na profesion\u00e1ln\u00ed \u00farovni.<\/p>\t\t\t\t\t\t\t\t<\/div>\n\t\t\t\t<\/div>\n\t\t\t\t\t<\/div>\n\t\t\t\t<\/div>\n\t\t<div class=\"elementor-element elementor-element-f3b91bc e-flex e-con-boxed e-con e-parent\" data-id=\"f3b91bc\" data-element_type=\"container\" data-e-type=\"container\">\n\t\t\t\t\t<div class=\"e-con-inner\">\n\t\t\t\t<div class=\"elementor-element elementor-element-098fa4f elementor-widget elementor-widget-image\" data-id=\"098fa4f\" data-element_type=\"widget\" data-e-type=\"widget\" data-widget_type=\"image.default\">\n\t\t\t\t<div class=\"elementor-widget-container\">\n\t\t\t\t\t\t\t\t\t\t\t\t<figure class=\"wp-caption\">\n\t\t\t\t\t\t\t\t\t\t\t<a href=\"https:\/\/www.antarea.cz\/wp-content\/uploads\/2024\/11\/Deda_a_Babi_ve_hvezdach_1.jpg\" data-elementor-open-lightbox=\"no\">\n\t\t\t\t\t\t\t<img decoding=\"async\" width=\"723\" height=\"1024\" src=\"https:\/\/www.antarea.cz\/wp-content\/uploads\/2024\/11\/Deda_a_Babi_ve_hvezdach_1-723x1024.jpg\" class=\"attachment-large size-large wp-image-1013\" alt=\"Retu\u0161ovan\u00e1, o\u017eiven\u00e1 a kolorovan\u00e1 star\u00e1 fotografie - fotomalba.\" srcset=\"https:\/\/www.antarea.cz\/wp-content\/uploads\/2024\/11\/Deda_a_Babi_ve_hvezdach_1-723x1024.jpg 723w, https:\/\/www.antarea.cz\/wp-content\/uploads\/2024\/11\/Deda_a_Babi_ve_hvezdach_1-212x300.jpg 212w, https:\/\/www.antarea.cz\/wp-content\/uploads\/2024\/11\/Deda_a_Babi_ve_hvezdach_1-1085x1536.jpg 1085w, https:\/\/www.antarea.cz\/wp-content\/uploads\/2024\/11\/Deda_a_Babi_ve_hvezdach_1.jpg 1417w\" sizes=\"100vw\" \/>\t\t\t\t\t\t\t\t<\/a>\n\t\t\t\t\t\t\t\t\t\t\t<figcaption class=\"widget-image-caption wp-caption-text\">Zv\u00fd\u0161en\u00ed kvality sn\u00edmku a v\u00fdm\u011bna pozad\u00ed, aby vznikl vzpom\u00ednkov\u00fd obr\u00e1zek.<\/figcaption>\n\t\t\t\t\t\t\t\t\t\t<\/figure>\n\t\t\t\t\t\t\t\t\t<\/div>\n\t\t\t\t<\/div>\n\t\t\t\t\t<\/div>\n\t\t\t\t<\/div>\n\t\t<div class=\"elementor-element elementor-element-006d431 e-flex e-con-boxed e-con e-parent\" data-id=\"006d431\" data-element_type=\"container\" data-e-type=\"container\">\n\t\t\t\t\t<div class=\"e-con-inner\">\n\t\t\t\t<div class=\"elementor-element elementor-element-85323a9 elementor-widget elementor-widget-image\" data-id=\"85323a9\" data-element_type=\"widget\" data-e-type=\"widget\" data-widget_type=\"image.default\">\n\t\t\t\t<div class=\"elementor-widget-container\">\n\t\t\t\t\t\t\t\t\t\t\t\t<figure class=\"wp-caption\">\n\t\t\t\t\t\t\t\t\t\t\t<a href=\"https:\/\/www.antarea.cz\/wp-content\/uploads\/2024\/11\/RTC_02_F.jpg\" data-elementor-open-lightbox=\"no\">\n\t\t\t\t\t\t\t<img loading=\"lazy\" decoding=\"async\" width=\"950\" height=\"664\" src=\"https:\/\/www.antarea.cz\/wp-content\/uploads\/2024\/11\/RTC_02_F-1024x716.jpg\" class=\"attachment-large size-large wp-image-901\" alt=\"Retu\u0161ovan\u00e1, o\u017eiven\u00e1 a kolorovan\u00e1 star\u00e1 fotografie - fotomalba.\" srcset=\"https:\/\/www.antarea.cz\/wp-content\/uploads\/2024\/11\/RTC_02_F-1024x716.jpg 1024w, https:\/\/www.antarea.cz\/wp-content\/uploads\/2024\/11\/RTC_02_F-300x210.jpg 300w, https:\/\/www.antarea.cz\/wp-content\/uploads\/2024\/11\/RTC_02_F.jpg 1493w\" sizes=\"100vw\" \/>\t\t\t\t\t\t\t\t<\/a>\n\t\t\t\t\t\t\t\t\t\t\t<figcaption class=\"widget-image-caption wp-caption-text\">N\u00e1ro\u010dn\u00e1 rekonstrukce velmi vybledl\u00e9 \u010dernob\u00edl\u00e9 fotografie. Kolorov\u00e1n\u00ed a dopln\u011bn\u00ed pozad\u00ed je intuitivn\u00ed, ale odsouhlasen\u00e9 objednatelem.<\/figcaption>\n\t\t\t\t\t\t\t\t\t\t<\/figure>\n\t\t\t\t\t\t\t\t\t<\/div>\n\t\t\t\t<\/div>\n\t\t\t\t\t<\/div>\n\t\t\t\t<\/div>\n\t\t<div class=\"elementor-element elementor-element-1960fba e-flex e-con-boxed e-con e-parent\" data-id=\"1960fba\" data-element_type=\"container\" data-e-type=\"container\">\n\t\t\t\t\t<div class=\"e-con-inner\">\n\t\t\t\t<div class=\"elementor-element elementor-element-6eb17bf elementor-widget elementor-widget-text-editor\" data-id=\"6eb17bf\" data-element_type=\"widget\" data-e-type=\"widget\" data-widget_type=\"text-editor.default\">\n\t\t\t\t<div class=\"elementor-widget-container\">\n\t\t\t\t\t\t\t\t\t<p style=\"text-align: center;\">Ceny v z\u00e1lo\u017ece &#8222;OBCHOD&#8220; jsou orienta\u010dn\u00ed.<br \/>V\u00fdsledn\u00e1 cena z\u00e1vis\u00ed na rozsahu a n\u00e1ro\u010dnosti konkr\u00e9tn\u00ed pr\u00e1ce a na mno\u017estv\u00ed va\u0161ich po\u017eadavk\u016f a p\u0159\u00e1n\u00ed.<\/p>\t\t\t\t\t\t\t\t<\/div>\n\t\t\t\t<\/div>\n\t\t\t\t\t<\/div>\n\t\t\t\t<\/div>\n\t\t<div class=\"elementor-element elementor-element-765845e e-flex e-con-boxed e-con e-parent\" data-id=\"765845e\" data-element_type=\"container\" data-e-type=\"container\">\n\t\t\t\t\t<div class=\"e-con-inner\">\n\t\t\t\t<div class=\"elementor-element elementor-element-cf3e6c7 elementor-widget elementor-widget-image\" data-id=\"cf3e6c7\" data-element_type=\"widget\" data-e-type=\"widget\" data-widget_type=\"image.default\">\n\t\t\t\t<div class=\"elementor-widget-container\">\n\t\t\t\t\t\t\t\t\t\t\t\t<figure class=\"wp-caption\">\n\t\t\t\t\t\t\t\t\t\t\t<a href=\"https:\/\/www.antarea.cz\/wp-content\/uploads\/2024\/11\/RTC_04_C.jpg\" data-elementor-open-lightbox=\"no\">\n\t\t\t\t\t\t\t<img loading=\"lazy\" decoding=\"async\" width=\"950\" height=\"713\" src=\"https:\/\/www.antarea.cz\/wp-content\/uploads\/2024\/11\/RTC_04_C-1024x768.jpg\" class=\"attachment-large size-large wp-image-933\" alt=\"Retu\u0161ovan\u00e1, o\u017eiven\u00e1 a kolorovan\u00e1 star\u00e1 fotografie - fotomalba.\" srcset=\"https:\/\/www.antarea.cz\/wp-content\/uploads\/2024\/11\/RTC_04_C-1024x768.jpg 1024w, https:\/\/www.antarea.cz\/wp-content\/uploads\/2024\/11\/RTC_04_C-300x225.jpg 300w, https:\/\/www.antarea.cz\/wp-content\/uploads\/2024\/11\/RTC_04_C.jpg 1392w\" sizes=\"100vw\" \/>\t\t\t\t\t\t\t\t<\/a>\n\t\t\t\t\t\t\t\t\t\t\t<figcaption class=\"widget-image-caption wp-caption-text\">St\u0159edn\u011b n\u00e1ro\u010dn\u00e1 retu\u0161 a rekonstrukce s b\u011b\u017en\u00fdm kolorov\u00e1n\u00edm.<\/figcaption>\n\t\t\t\t\t\t\t\t\t\t<\/figure>\n\t\t\t\t\t\t\t\t\t<\/div>\n\t\t\t\t<\/div>\n\t\t\t\t\t<\/div>\n\t\t\t\t<\/div>\n\t\t<div class=\"elementor-element elementor-element-ebd8281 e-flex e-con-boxed e-con e-parent\" data-id=\"ebd8281\" data-element_type=\"container\" data-e-type=\"container\">\n\t\t\t\t\t<div class=\"e-con-inner\">\n\t\t\t\t<div class=\"elementor-element elementor-element-606c779 elementor-widget elementor-widget-image\" data-id=\"606c779\" data-element_type=\"widget\" data-e-type=\"widget\" data-widget_type=\"image.default\">\n\t\t\t\t<div class=\"elementor-widget-container\">\n\t\t\t\t\t\t\t\t\t\t\t\t<figure class=\"wp-caption\">\n\t\t\t\t\t\t\t\t\t\t\t<a href=\"https:\/\/www.antarea.cz\/wp-content\/uploads\/2024\/11\/Lucy_s_pistoli.jpg\" data-elementor-open-lightbox=\"no\">\n\t\t\t\t\t\t\t<img loading=\"lazy\" decoding=\"async\" width=\"723\" height=\"1024\" src=\"https:\/\/www.antarea.cz\/wp-content\/uploads\/2024\/11\/Lucy_s_pistoli-723x1024.jpg\" class=\"attachment-large size-large wp-image-1020\" alt=\"\" srcset=\"https:\/\/www.antarea.cz\/wp-content\/uploads\/2024\/11\/Lucy_s_pistoli-723x1024.jpg 723w, https:\/\/www.antarea.cz\/wp-content\/uploads\/2024\/11\/Lucy_s_pistoli-212x300.jpg 212w, https:\/\/www.antarea.cz\/wp-content\/uploads\/2024\/11\/Lucy_s_pistoli.jpg 741w\" sizes=\"100vw\" \/>\t\t\t\t\t\t\t\t<\/a>\n\t\t\t\t\t\t\t\t\t\t\t<figcaption class=\"widget-image-caption wp-caption-text\">Tak trochu jin\u00fd portr\u00e9t \ud83d\ude42 Mal\u00e1 pistolnice m\u011bla p\u0159ed 15ti lety trp\u011blivost a pochopen\u00ed pro m\u00e9 \"n\u00e1pady\" aran\u017eovan\u00e9ho fotografov\u00e1n\u00ed.<\/figcaption>\n\t\t\t\t\t\t\t\t\t\t<\/figure>\n\t\t\t\t\t\t\t\t\t<\/div>\n\t\t\t\t<\/div>\n\t\t\t\t\t<\/div>\n\t\t\t\t<\/div>\n\t\t<div class=\"elementor-element elementor-element-7b14386 e-flex e-con-boxed e-con e-parent\" data-id=\"7b14386\" data-element_type=\"container\" data-e-type=\"container\">\n\t\t\t\t\t<div class=\"e-con-inner\">\n\t\t\t\t<div class=\"elementor-element elementor-element-41ef6c9 elementor-widget elementor-widget-image\" data-id=\"41ef6c9\" data-element_type=\"widget\" data-e-type=\"widget\" data-widget_type=\"image.default\">\n\t\t\t\t<div class=\"elementor-widget-container\">\n\t\t\t\t\t\t\t\t\t\t\t\t<figure class=\"wp-caption\">\n\t\t\t\t\t\t\t\t\t\t\t<a href=\"https:\/\/www.antarea.cz\/wp-content\/uploads\/2024\/11\/na-web___RR04-kopie.jpg\" data-elementor-open-lightbox=\"no\">\n\t\t\t\t\t\t\t<img loading=\"lazy\" decoding=\"async\" width=\"950\" height=\"751\" src=\"https:\/\/www.antarea.cz\/wp-content\/uploads\/2024\/11\/na-web___RR04-kopie-1024x809.jpg\" class=\"attachment-large size-large wp-image-1063\" alt=\"Retu\u0161ovan\u00e1, o\u017eiven\u00e1 a kolorovan\u00e1 star\u00e1 fotografie - fotomalba.\" srcset=\"https:\/\/www.antarea.cz\/wp-content\/uploads\/2024\/11\/na-web___RR04-kopie-1024x809.jpg 1024w, https:\/\/www.antarea.cz\/wp-content\/uploads\/2024\/11\/na-web___RR04-kopie-300x237.jpg 300w, https:\/\/www.antarea.cz\/wp-content\/uploads\/2024\/11\/na-web___RR04-kopie.jpg 1328w\" sizes=\"100vw\" \/>\t\t\t\t\t\t\t\t<\/a>\n\t\t\t\t\t\t\t\t\t\t\t<figcaption class=\"widget-image-caption wp-caption-text\">Tyto star\u00e9 ateli\u00e9rov\u00e9 sn\u00edmky m\u00e1m moc r\u00e1d. Takov\u00e1 pr\u00e1ce je v\u017edy radost.<\/figcaption>\n\t\t\t\t\t\t\t\t\t\t<\/figure>\n\t\t\t\t\t\t\t\t\t<\/div>\n\t\t\t\t<\/div>\n\t\t\t\t\t<\/div>\n\t\t\t\t<\/div>\n\t\t<div class=\"elementor-element elementor-element-b8685ea e-flex e-con-boxed e-con e-parent\" data-id=\"b8685ea\" data-element_type=\"container\" data-e-type=\"container\">\n\t\t\t\t\t<div class=\"e-con-inner\">\n\t\t\t\t<div class=\"elementor-element elementor-element-4796311 elementor-widget elementor-widget-image\" data-id=\"4796311\" data-element_type=\"widget\" data-e-type=\"widget\" data-widget_type=\"image.default\">\n\t\t\t\t<div class=\"elementor-widget-container\">\n\t\t\t\t\t\t\t\t\t\t\t\t<figure class=\"wp-caption\">\n\t\t\t\t\t\t\t\t\t\t\t<a href=\"https:\/\/www.antarea.cz\/wp-content\/uploads\/2024\/11\/IMG_6.jpg\" data-elementor-open-lightbox=\"no\">\n\t\t\t\t\t\t\t<img loading=\"lazy\" decoding=\"async\" width=\"950\" height=\"697\" src=\"https:\/\/www.antarea.cz\/wp-content\/uploads\/2024\/11\/IMG_6-1024x751.jpg\" class=\"attachment-large size-large wp-image-1070\" alt=\"\" srcset=\"https:\/\/www.antarea.cz\/wp-content\/uploads\/2024\/11\/IMG_6-1024x751.jpg 1024w, https:\/\/www.antarea.cz\/wp-content\/uploads\/2024\/11\/IMG_6-300x220.jpg 300w, https:\/\/www.antarea.cz\/wp-content\/uploads\/2024\/11\/IMG_6.jpg 1430w\" sizes=\"100vw\" \/>\t\t\t\t\t\t\t\t<\/a>\n\t\t\t\t\t\t\t\t\t\t\t<figcaption class=\"widget-image-caption wp-caption-text\">Ne ka\u017ed\u00fd sn\u00edmek se mus\u00ed kolorovat. N\u011bkdy sta\u010d\u00ed jen o\u017eivit za\u0161lou kr\u00e1su.<\/figcaption>\n\t\t\t\t\t\t\t\t\t\t<\/figure>\n\t\t\t\t\t\t\t\t\t<\/div>\n\t\t\t\t<\/div>\n\t\t\t\t\t<\/div>\n\t\t\t\t<\/div>\n\t\t<div class=\"elementor-element elementor-element-82ef24c e-flex e-con-boxed e-con e-parent\" data-id=\"82ef24c\" data-element_type=\"container\" data-e-type=\"container\">\n\t\t\t\t\t<div class=\"e-con-inner\">\n\t\t\t\t<div class=\"elementor-element elementor-element-bd6430f elementor-widget elementor-widget-image\" data-id=\"bd6430f\" data-element_type=\"widget\" data-e-type=\"widget\" data-widget_type=\"image.default\">\n\t\t\t\t<div class=\"elementor-widget-container\">\n\t\t\t\t\t\t\t\t\t\t\t\t<figure class=\"wp-caption\">\n\t\t\t\t\t\t\t\t\t\t\t<a href=\"https:\/\/www.antarea.cz\/wp-content\/uploads\/2024\/11\/reklama2-1.jpg\" data-elementor-open-lightbox=\"no\">\n\t\t\t\t\t\t\t<img loading=\"lazy\" decoding=\"async\" width=\"833\" height=\"1024\" src=\"https:\/\/www.antarea.cz\/wp-content\/uploads\/2024\/11\/reklama2-1-833x1024.jpg\" class=\"attachment-large size-large wp-image-1113\" alt=\"Retu\u0161ovan\u00e1, o\u017eiven\u00e1 a kolorovan\u00e1 star\u00e1 fotografie - fotomalba.\" srcset=\"https:\/\/www.antarea.cz\/wp-content\/uploads\/2024\/11\/reklama2-1-833x1024.jpg 833w, https:\/\/www.antarea.cz\/wp-content\/uploads\/2024\/11\/reklama2-1-244x300.jpg 244w, https:\/\/www.antarea.cz\/wp-content\/uploads\/2024\/11\/reklama2-1-1250x1536.jpg 1250w, https:\/\/www.antarea.cz\/wp-content\/uploads\/2024\/11\/reklama2-1.jpg 1557w\" sizes=\"100vw\" \/>\t\t\t\t\t\t\t\t<\/a>\n\t\t\t\t\t\t\t\t\t\t\t<figcaption class=\"widget-image-caption wp-caption-text\">\u00daprava momentky na portr\u00e9t<\/figcaption>\n\t\t\t\t\t\t\t\t\t\t<\/figure>\n\t\t\t\t\t\t\t\t\t<\/div>\n\t\t\t\t<\/div>\n\t\t\t\t\t<\/div>\n\t\t\t\t<\/div>\n\t\t<div class=\"elementor-element elementor-element-e145f3a e-flex e-con-boxed e-con e-parent\" data-id=\"e145f3a\" data-element_type=\"container\" data-e-type=\"container\">\n\t\t\t\t\t<div class=\"e-con-inner\">\n\t\t\t\t<div class=\"elementor-element elementor-element-47c3b30 elementor-widget elementor-widget-image\" data-id=\"47c3b30\" data-element_type=\"widget\" data-e-type=\"widget\" data-widget_type=\"image.default\">\n\t\t\t\t<div class=\"elementor-widget-container\">\n\t\t\t\t\t\t\t\t\t\t\t\t<figure class=\"wp-caption\">\n\t\t\t\t\t\t\t\t\t\t\t<a href=\"https:\/\/www.antarea.cz\/wp-content\/uploads\/2024\/11\/Bez-nazvu-3.jpg\" data-elementor-open-lightbox=\"no\">\n\t\t\t\t\t\t\t<img loading=\"lazy\" decoding=\"async\" width=\"950\" height=\"527\" src=\"https:\/\/www.antarea.cz\/wp-content\/uploads\/2024\/11\/Bez-nazvu-3-1024x568.jpg\" class=\"attachment-large size-large wp-image-1102\" alt=\"Retu\u0161ovan\u00e1, o\u017eiven\u00e1 a kolorovan\u00e1 star\u00e1 fotografie - fotomalba.\" srcset=\"https:\/\/www.antarea.cz\/wp-content\/uploads\/2024\/11\/Bez-nazvu-3-1024x568.jpg 1024w, https:\/\/www.antarea.cz\/wp-content\/uploads\/2024\/11\/Bez-nazvu-3-300x166.jpg 300w, https:\/\/www.antarea.cz\/wp-content\/uploads\/2024\/11\/Bez-nazvu-3-1536x852.jpg 1536w, https:\/\/www.antarea.cz\/wp-content\/uploads\/2024\/11\/Bez-nazvu-3.jpg 1892w\" sizes=\"100vw\" \/>\t\t\t\t\t\t\t\t<\/a>\n\t\t\t\t\t\t\t\t\t\t\t<figcaption class=\"widget-image-caption wp-caption-text\">Kolorov\u00e1n\u00ed vcelku zachoval\u00e9 fotografie.<\/figcaption>\n\t\t\t\t\t\t\t\t\t\t<\/figure>\n\t\t\t\t\t\t\t\t\t<\/div>\n\t\t\t\t<\/div>\n\t\t\t\t\t<\/div>\n\t\t\t\t<\/div>\n\t\t<div class=\"elementor-element elementor-element-acdd031 e-flex e-con-boxed e-con e-parent\" data-id=\"acdd031\" data-element_type=\"container\" data-e-type=\"container\">\n\t\t\t\t\t<div class=\"e-con-inner\">\n\t\t\t\t<div class=\"elementor-element elementor-element-ca99d48 elementor-widget elementor-widget-image\" data-id=\"ca99d48\" data-element_type=\"widget\" data-e-type=\"widget\" data-widget_type=\"image.default\">\n\t\t\t\t<div class=\"elementor-widget-container\">\n\t\t\t\t\t\t\t\t\t\t\t\t<figure class=\"wp-caption\">\n\t\t\t\t\t\t\t\t\t\t\t<a href=\"https:\/\/www.antarea.cz\/wp-content\/uploads\/2024\/11\/Bez-nazvu-2.jpg\" data-elementor-open-lightbox=\"no\">\n\t\t\t\t\t\t\t<img loading=\"lazy\" decoding=\"async\" width=\"950\" height=\"665\" src=\"https:\/\/www.antarea.cz\/wp-content\/uploads\/2024\/11\/Bez-nazvu-2-1024x717.jpg\" class=\"attachment-large size-large wp-image-1103\" alt=\"Retu\u0161ovan\u00e1, o\u017eiven\u00e1 a kolorovan\u00e1 star\u00e1 fotografie - fotomalba.\" srcset=\"https:\/\/www.antarea.cz\/wp-content\/uploads\/2024\/11\/Bez-nazvu-2-1024x717.jpg 1024w, https:\/\/www.antarea.cz\/wp-content\/uploads\/2024\/11\/Bez-nazvu-2-300x210.jpg 300w, https:\/\/www.antarea.cz\/wp-content\/uploads\/2024\/11\/Bez-nazvu-2.jpg 1499w\" sizes=\"100vw\" \/>\t\t\t\t\t\t\t\t<\/a>\n\t\t\t\t\t\t\t\t\t\t\t<figcaption class=\"widget-image-caption wp-caption-text\">St\u0159edn\u011b n\u00e1ro\u010dn\u00e1 retu\u0161 a kolorov\u00e1n\u00ed.<\/figcaption>\n\t\t\t\t\t\t\t\t\t\t<\/figure>\n\t\t\t\t\t\t\t\t\t<\/div>\n\t\t\t\t<\/div>\n\t\t\t\t\t<\/div>\n\t\t\t\t<\/div>\n\t\t<div class=\"elementor-element elementor-element-0c38f2d e-flex e-con-boxed e-con e-parent\" data-id=\"0c38f2d\" data-element_type=\"container\" data-e-type=\"container\">\n\t\t\t\t\t<div class=\"e-con-inner\">\n\t\t\t\t<div class=\"elementor-element elementor-element-0a07996 elementor-widget elementor-widget-image\" data-id=\"0a07996\" data-element_type=\"widget\" data-e-type=\"widget\" data-widget_type=\"image.default\">\n\t\t\t\t<div class=\"elementor-widget-container\">\n\t\t\t\t\t\t\t\t\t\t\t\t<figure class=\"wp-caption\">\n\t\t\t\t\t\t\t\t\t\t\t<a href=\"https:\/\/www.antarea.cz\/wp-content\/uploads\/2024\/11\/Bez-nazvu-1.jpg\" data-elementor-open-lightbox=\"no\">\n\t\t\t\t\t\t\t<img loading=\"lazy\" decoding=\"async\" width=\"950\" height=\"673\" src=\"https:\/\/www.antarea.cz\/wp-content\/uploads\/2024\/11\/Bez-nazvu-1-1024x725.jpg\" class=\"attachment-large size-large wp-image-1101\" alt=\"Retu\u0161ovan\u00e1, o\u017eiven\u00e1 a kolorovan\u00e1 star\u00e1 fotografie - fotomalba.\" srcset=\"https:\/\/www.antarea.cz\/wp-content\/uploads\/2024\/11\/Bez-nazvu-1-1024x725.jpg 1024w, https:\/\/www.antarea.cz\/wp-content\/uploads\/2024\/11\/Bez-nazvu-1-300x212.jpg 300w, https:\/\/www.antarea.cz\/wp-content\/uploads\/2024\/11\/Bez-nazvu-1.jpg 1481w\" sizes=\"100vw\" \/>\t\t\t\t\t\t\t\t<\/a>\n\t\t\t\t\t\t\t\t\t\t\t<figcaption class=\"widget-image-caption wp-caption-text\">Dost pr\u00e1ce... Sn\u00edmek je fotografie novin = m\u00e1 to bodov\u00fd rastr, ale i tak se to d\u00e1 se \u0159\u00edci povedlo \ud83d\ude42<\/figcaption>\n\t\t\t\t\t\t\t\t\t\t<\/figure>\n\t\t\t\t\t\t\t\t\t<\/div>\n\t\t\t\t<\/div>\n\t\t\t\t\t<\/div>\n\t\t\t\t<\/div>\n\t\t\t\t<\/div>\n\t\t","protected":false},"excerpt":{"rendered":"<p>V\u00e1noce se bl\u00ed\u017e\u00ed! P\u0159em\u00fd\u0161l\u00edte \u010d\u00edm pot\u011b\u0161it sv\u00e9 nejbli\u017e\u0161\u00ed?Darujte o\u017eiven\u00e9 vzpom\u00ednky! N\u00e1ro\u010dn\u00e1 retu\u0161 rozl\u00e1man\u00e9 fotografie mal\u00e9ho rozm\u011bru 6 x 5 cm &#8211; v\u00fdsledek tisk 30 x 40 cm. Obt\u00ed\u017en\u011bj\u0161\u00ed retu\u0161 rozl\u00e1man\u00e9 fotografie a jej\u00ed rekonstrukce. V\u00fdsledek je tisk 30 x 40 cm. Va\u0161e sn\u00edmky pe\u010dliv\u011b naskenujeme, technicky p\u0159iprav\u00edme, ru\u010dn\u011b vyretu\u0161ujeme a v p\u0159\u00edpad\u011b pot\u0159eby zrekonstruujeme po\u0161kozen\u00e1 &hellip; <\/p>\n<p class=\"link-more\"><a href=\"https:\/\/www.antarea.cz\/index.php\/elementor-911\/\" class=\"more-link\">Read more<span class=\"screen-reader-text\"> &#8222;retu\u0161&#8220;<\/span><\/a><\/p>\n","protected":false},"author":1,"featured_media":0,"parent":0,"menu_order":0,"comment_status":"closed","ping_status":"closed","template":"","meta":{"inspiro_hide_title":false,"footnotes":""},"class_list":["post-911","page","type-page","status-publish","hentry"],"_links":{"self":[{"href":"https:\/\/www.antarea.cz\/index.php\/wp-json\/wp\/v2\/pages\/911","targetHints":{"allow":["GET"]}}],"collection":[{"href":"https:\/\/www.antarea.cz\/index.php\/wp-json\/wp\/v2\/pages"}],"about":[{"href":"https:\/\/www.antarea.cz\/index.php\/wp-json\/wp\/v2\/types\/page"}],"author":[{"embeddable":true,"href":"https:\/\/www.antarea.cz\/index.php\/wp-json\/wp\/v2\/users\/1"}],"replies":[{"embeddable":true,"href":"https:\/\/www.antarea.cz\/index.php\/wp-json\/wp\/v2\/comments?post=911"}],"version-history":[{"count":71,"href":"https:\/\/www.antarea.cz\/index.php\/wp-json\/wp\/v2\/pages\/911\/revisions"}],"predecessor-version":[{"id":1472,"href":"https:\/\/www.antarea.cz\/index.php\/wp-json\/wp\/v2\/pages\/911\/revisions\/1472"}],"wp:attachment":[{"href":"https:\/\/www.antarea.cz\/index.php\/wp-json\/wp\/v2\/media?parent=911"}],"curies":[{"name":"wp","href":"https:\/\/api.w.org\/{rel}","templated":true}]}}