{"id":1028,"date":"2024-11-16T16:41:19","date_gmt":"2024-11-16T16:41:19","guid":{"rendered":"https:\/\/www.antarea.cz\/?page_id=1028"},"modified":"2026-01-02T00:25:35","modified_gmt":"2026-01-02T00:25:35","slug":"novinky","status":"publish","type":"page","link":"https:\/\/www.antarea.cz\/index.php\/novinky\/","title":{"rendered":"novinky"},"content":{"rendered":"\t\t<div data-elementor-type=\"wp-page\" data-elementor-id=\"1028\" class=\"elementor elementor-1028\">\n\t\t\t\t<div class=\"elementor-element elementor-element-1dc15f8 e-flex e-con-boxed e-con e-parent\" data-id=\"1dc15f8\" data-element_type=\"container\" data-e-type=\"container\">\n\t\t\t\t\t<div class=\"e-con-inner\">\n\t\t\t\t<div class=\"elementor-element elementor-element-f97cc96 elementor-widget elementor-widget-image\" data-id=\"f97cc96\" data-element_type=\"widget\" data-e-type=\"widget\" data-widget_type=\"image.default\">\n\t\t\t\t<div class=\"elementor-widget-container\">\n\t\t\t\t\t\t\t\t\t\t\t\t\t\t\t\t<a href=\"https:\/\/www.antarea.cz\/wp-content\/uploads\/2026\/01\/mO5jYANY.jpg\" data-elementor-open-lightbox=\"yes\" data-e-action-hash=\"#elementor-action%3Aaction%3Dlightbox%26settings%3DeyJpZCI6MTQ5MSwidXJsIjoiaHR0cHM6XC9cL3d3dy5hbnRhcmVhLmN6XC93cC1jb250ZW50XC91cGxvYWRzXC8yMDI2XC8wMVwvbU81allBTlkuanBnIn0%3D\">\n\t\t\t\t\t\t\t<img fetchpriority=\"high\" decoding=\"async\" width=\"731\" height=\"1024\" src=\"https:\/\/www.antarea.cz\/wp-content\/uploads\/2026\/01\/mO5jYANY-731x1024.jpg\" class=\"attachment-large size-large wp-image-1491\" alt=\"\" srcset=\"https:\/\/www.antarea.cz\/wp-content\/uploads\/2026\/01\/mO5jYANY-731x1024.jpg 731w, https:\/\/www.antarea.cz\/wp-content\/uploads\/2026\/01\/mO5jYANY-214x300.jpg 214w, https:\/\/www.antarea.cz\/wp-content\/uploads\/2026\/01\/mO5jYANY.jpg 771w\" sizes=\"100vw\" \/>\t\t\t\t\t\t\t\t<\/a>\n\t\t\t\t\t\t\t\t\t\t\t\t\t\t\t<\/div>\n\t\t\t\t<\/div>\n\t\t\t\t\t<\/div>\n\t\t\t\t<\/div>\n\t\t<div class=\"elementor-element elementor-element-2af4afb e-flex e-con-boxed e-con e-parent\" data-id=\"2af4afb\" data-element_type=\"container\" data-e-type=\"container\">\n\t\t\t\t\t<div class=\"e-con-inner\">\n\t\t\t\t<div class=\"elementor-element elementor-element-a19ceb7 elementor-widget elementor-widget-text-editor\" data-id=\"a19ceb7\" data-element_type=\"widget\" data-e-type=\"widget\" data-widget_type=\"text-editor.default\">\n\t\t\t\t<div class=\"elementor-widget-container\">\n\t\t\t\t\t\t\t\t\t<p style=\"text-align: center;\">V\u00edce zde: <a href=\"https:\/\/www.photoart.works\/?page_id=116\" target=\"_blank\" rel=\"noopener\">Novinky \u2013 photoART.works<\/a><\/p>\t\t\t\t\t\t\t\t<\/div>\n\t\t\t\t<\/div>\n\t\t\t\t<div class=\"elementor-element elementor-element-54f020e elementor-widget elementor-widget-image\" data-id=\"54f020e\" data-element_type=\"widget\" data-e-type=\"widget\" data-widget_type=\"image.default\">\n\t\t\t\t<div class=\"elementor-widget-container\">\n\t\t\t\t\t\t\t\t\t\t\t\t\t\t\t\t<a href=\"https:\/\/www.antarea.cz\/wp-content\/uploads\/2026\/01\/1R1A5357___2.jpg\" data-elementor-open-lightbox=\"yes\" data-e-action-hash=\"#elementor-action%3Aaction%3Dlightbox%26settings%3DeyJpZCI6MTQ5NiwidXJsIjoiaHR0cHM6XC9cL3d3dy5hbnRhcmVhLmN6XC93cC1jb250ZW50XC91cGxvYWRzXC8yMDI2XC8wMVwvMVIxQTUzNTdfX18yLmpwZyJ9\">\n\t\t\t\t\t\t\t<img decoding=\"async\" width=\"724\" height=\"1024\" src=\"https:\/\/www.antarea.cz\/wp-content\/uploads\/2026\/01\/1R1A5357___2-724x1024.jpg\" class=\"attachment-large size-large wp-image-1496\" alt=\"\" srcset=\"https:\/\/www.antarea.cz\/wp-content\/uploads\/2026\/01\/1R1A5357___2-724x1024.jpg 724w, https:\/\/www.antarea.cz\/wp-content\/uploads\/2026\/01\/1R1A5357___2-212x300.jpg 212w, https:\/\/www.antarea.cz\/wp-content\/uploads\/2026\/01\/1R1A5357___2-1086x1536.jpg 1086w, https:\/\/www.antarea.cz\/wp-content\/uploads\/2026\/01\/1R1A5357___2.jpg 1254w\" sizes=\"100vw\" \/>\t\t\t\t\t\t\t\t<\/a>\n\t\t\t\t\t\t\t\t\t\t\t\t\t\t\t<\/div>\n\t\t\t\t<\/div>\n\t\t\t\t\t<\/div>\n\t\t\t\t<\/div>\n\t\t<div class=\"elementor-element elementor-element-1388631 e-flex e-con-boxed e-con e-parent\" data-id=\"1388631\" data-element_type=\"container\" data-e-type=\"container\">\n\t\t\t\t\t<div class=\"e-con-inner\">\n\t\t\t\t<div class=\"elementor-element elementor-element-7c53522 elementor-widget elementor-widget-image\" data-id=\"7c53522\" data-element_type=\"widget\" data-e-type=\"widget\" data-widget_type=\"image.default\">\n\t\t\t\t<div class=\"elementor-widget-container\">\n\t\t\t\t\t\t\t\t\t\t\t\t\t\t\t\t<a href=\"https:\/\/www.antarea.cz\/wp-content\/uploads\/2026\/01\/Sazavsky_pravek_14_00____B.jpg\" data-elementor-open-lightbox=\"yes\" data-e-action-hash=\"#elementor-action%3Aaction%3Dlightbox%26settings%3DeyJpZCI6MTQ5NSwidXJsIjoiaHR0cHM6XC9cL3d3dy5hbnRhcmVhLmN6XC93cC1jb250ZW50XC91cGxvYWRzXC8yMDI2XC8wMVwvU2F6YXZza3lfcHJhdmVrXzE0XzAwX19fX0IuanBnIn0%3D\">\n\t\t\t\t\t\t\t<img decoding=\"async\" width=\"950\" height=\"523\" src=\"https:\/\/www.antarea.cz\/wp-content\/uploads\/2026\/01\/Sazavsky_pravek_14_00____B-1024x564.jpg\" class=\"attachment-large size-large wp-image-1495\" alt=\"\" srcset=\"https:\/\/www.antarea.cz\/wp-content\/uploads\/2026\/01\/Sazavsky_pravek_14_00____B-1024x564.jpg 1024w, https:\/\/www.antarea.cz\/wp-content\/uploads\/2026\/01\/Sazavsky_pravek_14_00____B-300x165.jpg 300w, https:\/\/www.antarea.cz\/wp-content\/uploads\/2026\/01\/Sazavsky_pravek_14_00____B-2000x1102.jpg 2000w, https:\/\/www.antarea.cz\/wp-content\/uploads\/2026\/01\/Sazavsky_pravek_14_00____B-1536x847.jpg 1536w, https:\/\/www.antarea.cz\/wp-content\/uploads\/2026\/01\/Sazavsky_pravek_14_00____B-2048x1129.jpg 2048w\" sizes=\"100vw\" \/>\t\t\t\t\t\t\t\t<\/a>\n\t\t\t\t\t\t\t\t\t\t\t\t\t\t\t<\/div>\n\t\t\t\t<\/div>\n\t\t\t\t<div class=\"elementor-element elementor-element-df42e4a elementor-widget elementor-widget-text-editor\" data-id=\"df42e4a\" data-element_type=\"widget\" data-e-type=\"widget\" data-widget_type=\"text-editor.default\">\n\t\t\t\t<div class=\"elementor-widget-container\">\n\t\t\t\t\t\t\t\t\t<p style=\"text-align: center;\">V\u00edce zde: <a href=\"https:\/\/www.photoart.works\/?page_id=116\" target=\"_blank\" rel=\"noopener\">Novinky \u2013 photoART.works<\/a><\/p>\t\t\t\t\t\t\t\t<\/div>\n\t\t\t\t<\/div>\n\t\t\t\t\t<\/div>\n\t\t\t\t<\/div>\n\t\t<div class=\"elementor-element elementor-element-631d657 e-flex e-con-boxed e-con e-parent\" data-id=\"631d657\" data-element_type=\"container\" data-e-type=\"container\">\n\t\t\t\t\t<div class=\"e-con-inner\">\n\t\t<div class=\"elementor-element elementor-element-57cd351 e-grid e-con-full e-con e-child\" data-id=\"57cd351\" data-element_type=\"container\" data-e-type=\"container\">\n\t\t\t\t<div class=\"elementor-element elementor-element-23adf80 elementor-widget elementor-widget-image\" data-id=\"23adf80\" data-element_type=\"widget\" data-e-type=\"widget\" data-widget_type=\"image.default\">\n\t\t\t\t<div class=\"elementor-widget-container\">\n\t\t\t\t\t\t\t\t\t\t\t\t\t\t\t\t<a href=\"https:\/\/www.antarea.cz\/wp-content\/uploads\/2026\/01\/20026_01_01\u00f7AI_HARMONIE_1.jpg\" data-elementor-open-lightbox=\"yes\" data-e-action-hash=\"#elementor-action%3Aaction%3Dlightbox%26settings%3DeyJpZCI6MTQ5MCwidXJsIjoiaHR0cHM6XC9cL3d3dy5hbnRhcmVhLmN6XC93cC1jb250ZW50XC91cGxvYWRzXC8yMDI2XC8wMVwvMjAwMjZfMDFfMDFcdTAwZjdBSV9IQVJNT05JRV8xLmpwZyJ9\">\n\t\t\t\t\t\t\t<img loading=\"lazy\" decoding=\"async\" width=\"950\" height=\"713\" src=\"https:\/\/www.antarea.cz\/wp-content\/uploads\/2026\/01\/20026_01_01\u00f7AI_HARMONIE_1-1024x768.jpg\" class=\"attachment-large size-large wp-image-1490\" alt=\"\" srcset=\"https:\/\/www.antarea.cz\/wp-content\/uploads\/2026\/01\/20026_01_01\u00f7AI_HARMONIE_1-1024x768.jpg 1024w, https:\/\/www.antarea.cz\/wp-content\/uploads\/2026\/01\/20026_01_01\u00f7AI_HARMONIE_1-300x225.jpg 300w, https:\/\/www.antarea.cz\/wp-content\/uploads\/2026\/01\/20026_01_01\u00f7AI_HARMONIE_1.jpg 1228w\" sizes=\"100vw\" \/>\t\t\t\t\t\t\t\t<\/a>\n\t\t\t\t\t\t\t\t\t\t\t\t\t\t\t<\/div>\n\t\t\t\t<\/div>\n\t\t\t\t<div class=\"elementor-element elementor-element-b0bca29 elementor-widget elementor-widget-image\" data-id=\"b0bca29\" data-element_type=\"widget\" data-e-type=\"widget\" data-widget_type=\"image.default\">\n\t\t\t\t<div class=\"elementor-widget-container\">\n\t\t\t\t\t\t\t\t\t\t\t\t\t\t\t\t<a href=\"https:\/\/www.antarea.cz\/wp-content\/uploads\/2026\/01\/2026_01_01\u00f7AI\u00f72012_02_01\u00f7Spravedlnost\u00f7UVR_300_025x018_P9224659______2.jpg\" data-elementor-open-lightbox=\"yes\" data-e-action-hash=\"#elementor-action%3Aaction%3Dlightbox%26settings%3DeyJpZCI6MTQ4NCwidXJsIjoiaHR0cHM6XC9cL3d3dy5hbnRhcmVhLmN6XC93cC1jb250ZW50XC91cGxvYWRzXC8yMDI2XC8wMVwvMjAyNl8wMV8wMVx1MDBmN0FJXHUwMGY3MjAxMl8wMl8wMVx1MDBmN1NwcmF2ZWRsbm9zdFx1MDBmN1VWUl8zMDBfMDI1eDAxOF9QOTIyNDY1OV9fX19fXzIuanBnIn0%3D\">\n\t\t\t\t\t\t\t<img loading=\"lazy\" decoding=\"async\" width=\"768\" height=\"1152\" src=\"https:\/\/www.antarea.cz\/wp-content\/uploads\/2026\/01\/2026_01_01\u00f7AI\u00f72012_02_01\u00f7Spravedlnost\u00f7UVR_300_025x018_P9224659______2.jpg\" class=\"attachment-medium_large size-medium_large wp-image-1484\" alt=\"\" srcset=\"https:\/\/www.antarea.cz\/wp-content\/uploads\/2026\/01\/2026_01_01\u00f7AI\u00f72012_02_01\u00f7Spravedlnost\u00f7UVR_300_025x018_P9224659______2.jpg 1417w, https:\/\/www.antarea.cz\/wp-content\/uploads\/2026\/01\/2026_01_01\u00f7AI\u00f72012_02_01\u00f7Spravedlnost\u00f7UVR_300_025x018_P9224659______2-200x300.jpg 200w, https:\/\/www.antarea.cz\/wp-content\/uploads\/2026\/01\/2026_01_01\u00f7AI\u00f72012_02_01\u00f7Spravedlnost\u00f7UVR_300_025x018_P9224659______2-683x1024.jpg 683w, https:\/\/www.antarea.cz\/wp-content\/uploads\/2026\/01\/2026_01_01\u00f7AI\u00f72012_02_01\u00f7Spravedlnost\u00f7UVR_300_025x018_P9224659______2-1024x1536.jpg 1024w, https:\/\/www.antarea.cz\/wp-content\/uploads\/2026\/01\/2026_01_01\u00f7AI\u00f72012_02_01\u00f7Spravedlnost\u00f7UVR_300_025x018_P9224659______2-1365x2048.jpg 1365w\" sizes=\"100vw\" \/>\t\t\t\t\t\t\t\t<\/a>\n\t\t\t\t\t\t\t\t\t\t\t\t\t\t\t<\/div>\n\t\t\t\t<\/div>\n\t\t\t\t<\/div>\n\t\t\t\t\t<\/div>\n\t\t\t\t<\/div>\n\t\t<div class=\"elementor-element elementor-element-0d51a0d e-flex e-con-boxed e-con e-parent\" data-id=\"0d51a0d\" data-element_type=\"container\" data-e-type=\"container\">\n\t\t\t\t\t<div class=\"e-con-inner\">\n\t\t\t\t<div class=\"elementor-element elementor-element-1d0d7dd elementor-widget elementor-widget-text-editor\" data-id=\"1d0d7dd\" data-element_type=\"widget\" data-e-type=\"widget\" data-widget_type=\"text-editor.default\">\n\t\t\t\t<div class=\"elementor-widget-container\">\n\t\t\t\t\t\t\t\t\t<p style=\"text-align: center;\">V\u00edce zde: <a href=\"https:\/\/www.photoart.works\/?page_id=116\" target=\"_blank\" rel=\"noopener\">Novinky \u2013 photoART.works<\/a><\/p>\t\t\t\t\t\t\t\t<\/div>\n\t\t\t\t<\/div>\n\t\t\t\t<div class=\"elementor-element elementor-element-6339a82 elementor-widget elementor-widget-image\" data-id=\"6339a82\" data-element_type=\"widget\" data-e-type=\"widget\" data-widget_type=\"image.default\">\n\t\t\t\t<div class=\"elementor-widget-container\">\n\t\t\t\t\t\t\t\t\t\t\t\t<figure class=\"wp-caption\">\n\t\t\t\t\t\t\t\t\t\t\t<a href=\"https:\/\/www.antarea.cz\/wp-content\/uploads\/2025\/12\/Andrea_2025.jpg\" data-elementor-open-lightbox=\"yes\" data-e-action-hash=\"#elementor-action%3Aaction%3Dlightbox%26settings%3DeyJpZCI6MTQ3NCwidXJsIjoiaHR0cHM6XC9cL3d3dy5hbnRhcmVhLmN6XC93cC1jb250ZW50XC91cGxvYWRzXC8yMDI1XC8xMlwvQW5kcmVhXzIwMjUuanBnIn0%3D\">\n\t\t\t\t\t\t\t<img loading=\"lazy\" decoding=\"async\" width=\"950\" height=\"881\" src=\"https:\/\/www.antarea.cz\/wp-content\/uploads\/2025\/12\/Andrea_2025-1024x950.jpg\" class=\"attachment-large size-large wp-image-1474\" alt=\"\" srcset=\"https:\/\/www.antarea.cz\/wp-content\/uploads\/2025\/12\/Andrea_2025-1024x950.jpg 1024w, https:\/\/www.antarea.cz\/wp-content\/uploads\/2025\/12\/Andrea_2025-300x278.jpg 300w, https:\/\/www.antarea.cz\/wp-content\/uploads\/2025\/12\/Andrea_2025.jpg 1164w\" sizes=\"100vw\" \/>\t\t\t\t\t\t\t\t<\/a>\n\t\t\t\t\t\t\t\t\t\t\t<figcaption class=\"widget-image-caption wp-caption-text\">Tak toto je moje vnu\u010dka Andrea. Jsou j\u00ed t\u0159i m\u011bs\u00edce. Zdrojov\u00fd obr\u00e1zek byla norm\u00e1ln\u00ed momentka na mobil 10x15 cm. Tak jsem se nechal inspirovat a pak u\u017e jsem jen fotomaloval a fotomaloval a v\u00fdsledek je tisk na archivn\u00ed matn\u00fd pap\u00edr o rozm\u011bru 30 x 42 cm.<\/figcaption>\n\t\t\t\t\t\t\t\t\t\t<\/figure>\n\t\t\t\t\t\t\t\t\t<\/div>\n\t\t\t\t<\/div>\n\t\t\t\t\t<\/div>\n\t\t\t\t<\/div>\n\t\t<div class=\"elementor-element elementor-element-a54392f e-flex e-con-boxed e-con e-parent\" data-id=\"a54392f\" data-element_type=\"container\" data-e-type=\"container\">\n\t\t\t\t\t<div class=\"e-con-inner\">\n\t\t\t\t<div class=\"elementor-element elementor-element-d25c2f0 elementor-widget elementor-widget-image\" data-id=\"d25c2f0\" data-element_type=\"widget\" data-e-type=\"widget\" data-widget_type=\"image.default\">\n\t\t\t\t<div class=\"elementor-widget-container\">\n\t\t\t\t\t\t\t\t\t\t\t\t<figure class=\"wp-caption\">\n\t\t\t\t\t\t\t\t\t\t\t<a href=\"https:\/\/www.antarea.cz\/wp-content\/uploads\/2024\/11\/Bez-nazvu-3.jpg\" data-elementor-open-lightbox=\"no\">\n\t\t\t\t\t\t\t<img loading=\"lazy\" decoding=\"async\" width=\"950\" height=\"527\" src=\"https:\/\/www.antarea.cz\/wp-content\/uploads\/2024\/11\/Bez-nazvu-3-1024x568.jpg\" class=\"attachment-large size-large wp-image-1102\" alt=\"Retu\u0161ovan\u00e1, o\u017eiven\u00e1 a kolorovan\u00e1 star\u00e1 fotografie - fotomalba.\" srcset=\"https:\/\/www.antarea.cz\/wp-content\/uploads\/2024\/11\/Bez-nazvu-3-1024x568.jpg 1024w, https:\/\/www.antarea.cz\/wp-content\/uploads\/2024\/11\/Bez-nazvu-3-300x166.jpg 300w, https:\/\/www.antarea.cz\/wp-content\/uploads\/2024\/11\/Bez-nazvu-3-1536x852.jpg 1536w, https:\/\/www.antarea.cz\/wp-content\/uploads\/2024\/11\/Bez-nazvu-3.jpg 1892w\" sizes=\"100vw\" \/>\t\t\t\t\t\t\t\t<\/a>\n\t\t\t\t\t\t\t\t\t\t\t<figcaption class=\"widget-image-caption wp-caption-text\">Kolorov\u00e1n\u00ed vcelku zachoval\u00e9 fotografie.<\/figcaption>\n\t\t\t\t\t\t\t\t\t\t<\/figure>\n\t\t\t\t\t\t\t\t\t<\/div>\n\t\t\t\t<\/div>\n\t\t\t\t\t<\/div>\n\t\t\t\t<\/div>\n\t\t<div class=\"elementor-element elementor-element-0df4052 e-flex e-con-boxed e-con e-parent\" data-id=\"0df4052\" data-element_type=\"container\" data-e-type=\"container\">\n\t\t\t\t\t<div class=\"e-con-inner\">\n\t\t\t\t<div class=\"elementor-element elementor-element-1f0a151 elementor-widget elementor-widget-image\" data-id=\"1f0a151\" data-element_type=\"widget\" data-e-type=\"widget\" data-widget_type=\"image.default\">\n\t\t\t\t<div class=\"elementor-widget-container\">\n\t\t\t\t\t\t\t\t\t\t\t\t<figure class=\"wp-caption\">\n\t\t\t\t\t\t\t\t\t\t\t<a href=\"https:\/\/www.antarea.cz\/wp-content\/uploads\/2024\/11\/Bez-nazvu-2.jpg\" data-elementor-open-lightbox=\"no\">\n\t\t\t\t\t\t\t<img loading=\"lazy\" decoding=\"async\" width=\"950\" height=\"665\" src=\"https:\/\/www.antarea.cz\/wp-content\/uploads\/2024\/11\/Bez-nazvu-2-1024x717.jpg\" class=\"attachment-large size-large wp-image-1103\" alt=\"Retu\u0161ovan\u00e1, o\u017eiven\u00e1 a kolorovan\u00e1 star\u00e1 fotografie - fotomalba.\" srcset=\"https:\/\/www.antarea.cz\/wp-content\/uploads\/2024\/11\/Bez-nazvu-2-1024x717.jpg 1024w, https:\/\/www.antarea.cz\/wp-content\/uploads\/2024\/11\/Bez-nazvu-2-300x210.jpg 300w, https:\/\/www.antarea.cz\/wp-content\/uploads\/2024\/11\/Bez-nazvu-2.jpg 1499w\" sizes=\"100vw\" \/>\t\t\t\t\t\t\t\t<\/a>\n\t\t\t\t\t\t\t\t\t\t\t<figcaption class=\"widget-image-caption wp-caption-text\">St\u0159edn\u011b n\u00e1ro\u010dn\u00e1 retu\u0161 a kolorov\u00e1n\u00ed.<\/figcaption>\n\t\t\t\t\t\t\t\t\t\t<\/figure>\n\t\t\t\t\t\t\t\t\t<\/div>\n\t\t\t\t<\/div>\n\t\t\t\t\t<\/div>\n\t\t\t\t<\/div>\n\t\t<div class=\"elementor-element elementor-element-b527c62 e-flex e-con-boxed e-con e-parent\" data-id=\"b527c62\" data-element_type=\"container\" data-e-type=\"container\">\n\t\t\t\t\t<div class=\"e-con-inner\">\n\t\t\t\t<div class=\"elementor-element elementor-element-8149618 elementor-widget elementor-widget-image\" data-id=\"8149618\" data-element_type=\"widget\" data-e-type=\"widget\" data-widget_type=\"image.default\">\n\t\t\t\t<div class=\"elementor-widget-container\">\n\t\t\t\t\t\t\t\t\t\t\t\t<figure class=\"wp-caption\">\n\t\t\t\t\t\t\t\t\t\t\t<a href=\"https:\/\/www.antarea.cz\/wp-content\/uploads\/2024\/11\/Bez-nazvu-1.jpg\" data-elementor-open-lightbox=\"no\">\n\t\t\t\t\t\t\t<img loading=\"lazy\" decoding=\"async\" width=\"950\" height=\"673\" src=\"https:\/\/www.antarea.cz\/wp-content\/uploads\/2024\/11\/Bez-nazvu-1-1024x725.jpg\" class=\"attachment-large size-large wp-image-1101\" alt=\"Retu\u0161ovan\u00e1, o\u017eiven\u00e1 a kolorovan\u00e1 star\u00e1 fotografie - fotomalba.\" srcset=\"https:\/\/www.antarea.cz\/wp-content\/uploads\/2024\/11\/Bez-nazvu-1-1024x725.jpg 1024w, https:\/\/www.antarea.cz\/wp-content\/uploads\/2024\/11\/Bez-nazvu-1-300x212.jpg 300w, https:\/\/www.antarea.cz\/wp-content\/uploads\/2024\/11\/Bez-nazvu-1.jpg 1481w\" sizes=\"100vw\" \/>\t\t\t\t\t\t\t\t<\/a>\n\t\t\t\t\t\t\t\t\t\t\t<figcaption class=\"widget-image-caption wp-caption-text\">Dost pr\u00e1ce... Sn\u00edmek je fotografie novin = m\u00e1 to bodov\u00fd rastr, ale i tak se to d\u00e1 se \u0159\u00edci povedlo \ud83d\ude42<\/figcaption>\n\t\t\t\t\t\t\t\t\t\t<\/figure>\n\t\t\t\t\t\t\t\t\t<\/div>\n\t\t\t\t<\/div>\n\t\t\t\t\t<\/div>\n\t\t\t\t<\/div>\n\t\t<div class=\"elementor-element elementor-element-c69910e e-flex e-con-boxed e-con e-parent\" data-id=\"c69910e\" data-element_type=\"container\" data-e-type=\"container\">\n\t\t\t\t\t<div class=\"e-con-inner\">\n\t\t\t\t<div class=\"elementor-element elementor-element-fc7d5c8 elementor-widget elementor-widget-image\" data-id=\"fc7d5c8\" data-element_type=\"widget\" data-e-type=\"widget\" data-widget_type=\"image.default\">\n\t\t\t\t<div class=\"elementor-widget-container\">\n\t\t\t\t\t\t\t\t\t\t\t\t<figure class=\"wp-caption\">\n\t\t\t\t\t\t\t\t\t\t\t<a href=\"https:\/\/www.antarea.cz\/wp-content\/uploads\/2024\/11\/1R1A5249_2.jpg\" data-elementor-open-lightbox=\"no\">\n\t\t\t\t\t\t\t<img loading=\"lazy\" decoding=\"async\" width=\"950\" height=\"625\" src=\"https:\/\/www.antarea.cz\/wp-content\/uploads\/2024\/11\/1R1A5249_2-1024x674.jpg\" class=\"attachment-large size-large wp-image-1078\" alt=\"\" srcset=\"https:\/\/www.antarea.cz\/wp-content\/uploads\/2024\/11\/1R1A5249_2-1024x674.jpg 1024w, https:\/\/www.antarea.cz\/wp-content\/uploads\/2024\/11\/1R1A5249_2-300x197.jpg 300w, https:\/\/www.antarea.cz\/wp-content\/uploads\/2024\/11\/1R1A5249_2-1536x1011.jpg 1536w, https:\/\/www.antarea.cz\/wp-content\/uploads\/2024\/11\/1R1A5249_2.jpg 1594w\" sizes=\"100vw\" \/>\t\t\t\t\t\t\t\t<\/a>\n\t\t\t\t\t\t\t\t\t\t\t<figcaption class=\"widget-image-caption wp-caption-text\">... tak p\u0159esn\u011b takhle se to ned\u011bl\u00e1... Kdyby to bylo tak jednoduch\u00e9, to by byla par\u00e1da.<\/figcaption>\n\t\t\t\t\t\t\t\t\t\t<\/figure>\n\t\t\t\t\t\t\t\t\t<\/div>\n\t\t\t\t<\/div>\n\t\t\t\t\t<\/div>\n\t\t\t\t<\/div>\n\t\t<div class=\"elementor-element elementor-element-f9fe957 e-flex e-con-boxed e-con e-parent\" data-id=\"f9fe957\" data-element_type=\"container\" data-e-type=\"container\">\n\t\t\t\t\t<div class=\"e-con-inner\">\n\t\t\t\t<div class=\"elementor-element elementor-element-8cdb2cb elementor-widget elementor-widget-image\" data-id=\"8cdb2cb\" data-element_type=\"widget\" data-e-type=\"widget\" data-widget_type=\"image.default\">\n\t\t\t\t<div class=\"elementor-widget-container\">\n\t\t\t\t\t\t\t\t\t\t\t\t\t\t\t<img decoding=\"async\" src=\"https:\/\/www.antarea.cz\/wp-content\/plugins\/elementor\/assets\/images\/placeholder.png\" title=\"\" alt=\"\" loading=\"lazy\" \/>\t\t\t\t\t\t\t\t\t\t\t\t\t\t\t<\/div>\n\t\t\t\t<\/div>\n\t\t\t\t\t<\/div>\n\t\t\t\t<\/div>\n\t\t\t\t<\/div>\n\t\t","protected":false},"excerpt":{"rendered":"<p>V\u00edce zde: Novinky \u2013 photoART.works V\u00edce zde: Novinky \u2013 photoART.works V\u00edce zde: Novinky \u2013 photoART.works Tak toto je moje vnu\u010dka Andrea. Jsou j\u00ed t\u0159i m\u011bs\u00edce. Zdrojov\u00fd obr\u00e1zek byla norm\u00e1ln\u00ed momentka na mobil 10&#215;15 cm. Tak jsem se nechal inspirovat a pak u\u017e jsem jen fotomaloval a fotomaloval a v\u00fdsledek je tisk na archivn\u00ed matn\u00fd pap\u00edr &hellip; <\/p>\n<p class=\"link-more\"><a href=\"https:\/\/www.antarea.cz\/index.php\/novinky\/\" class=\"more-link\">Read more<span class=\"screen-reader-text\"> &#8222;novinky&#8220;<\/span><\/a><\/p>\n","protected":false},"author":1,"featured_media":0,"parent":0,"menu_order":0,"comment_status":"closed","ping_status":"closed","template":"","meta":{"inspiro_hide_title":false,"footnotes":""},"class_list":["post-1028","page","type-page","status-publish","hentry"],"_links":{"self":[{"href":"https:\/\/www.antarea.cz\/index.php\/wp-json\/wp\/v2\/pages\/1028","targetHints":{"allow":["GET"]}}],"collection":[{"href":"https:\/\/www.antarea.cz\/index.php\/wp-json\/wp\/v2\/pages"}],"about":[{"href":"https:\/\/www.antarea.cz\/index.php\/wp-json\/wp\/v2\/types\/page"}],"author":[{"embeddable":true,"href":"https:\/\/www.antarea.cz\/index.php\/wp-json\/wp\/v2\/users\/1"}],"replies":[{"embeddable":true,"href":"https:\/\/www.antarea.cz\/index.php\/wp-json\/wp\/v2\/comments?post=1028"}],"version-history":[{"count":53,"href":"https:\/\/www.antarea.cz\/index.php\/wp-json\/wp\/v2\/pages\/1028\/revisions"}],"predecessor-version":[{"id":1511,"href":"https:\/\/www.antarea.cz\/index.php\/wp-json\/wp\/v2\/pages\/1028\/revisions\/1511"}],"wp:attachment":[{"href":"https:\/\/www.antarea.cz\/index.php\/wp-json\/wp\/v2\/media?parent=1028"}],"curies":[{"name":"wp","href":"https:\/\/api.w.org\/{rel}","templated":true}]}}